{"id":9273,"date":"2020-04-22T08:09:19","date_gmt":"2020-04-22T07:09:19","guid":{"rendered":"http:\/\/vrteckonjice.splet.arnes.si\/?page_id=9273"},"modified":"2020-04-24T12:39:58","modified_gmt":"2020-04-24T11:39:58","slug":"kuharski-koticek","status":"publish","type":"page","link":"https:\/\/vrtec-konjice.si\/?page_id=9273","title":{"rendered":"KUHARSKI KOTI\u010cEK"},"content":{"rendered":"<p>[et_pb_section bb_built=&#8221;1&#8243; admin_label=&#8221;section&#8221; background_image=&#8221;http:\/\/vrteckonjice.splet.arnes.si\/files\/2020\/04\/Ozadje-1.jpeg&#8221; transparent_background=&#8221;off&#8221; allow_player_pause=&#8221;off&#8221; inner_shadow=&#8221;off&#8221; parallax=&#8221;on&#8221; parallax_method=&#8221;off&#8221; make_fullwidth=&#8221;off&#8221; use_custom_width=&#8221;off&#8221; width_unit=&#8221;on&#8221; make_equal=&#8221;off&#8221; use_custom_gutter=&#8221;off&#8221;][et_pb_row admin_label=&#8221;row&#8221;][et_pb_column type=&#8221;4_4&#8243;][et_pb_divider admin_label=&#8221;Divider&#8221; color=&#8221;#ffffff&#8221; show_divider=&#8221;off&#8221; height=&#8221;100&#8243; divider_style=&#8221;groove&#8221; divider_position=&#8221;top&#8221; hide_on_mobile=&#8221;on&#8221; \/][\/et_pb_column][\/et_pb_row][et_pb_row admin_label=&#8221;Row&#8221; make_fullwidth=&#8221;off&#8221; use_custom_width=&#8221;off&#8221; width_unit=&#8221;on&#8221; use_custom_gutter=&#8221;off&#8221; background_color=&#8221;rgba(255,255,255,0.88)&#8221; allow_player_pause=&#8221;off&#8221; parallax=&#8221;off&#8221; parallax_method=&#8221;on&#8221; make_equal=&#8221;off&#8221; parallax_1=&#8221;off&#8221; parallax_method_1=&#8221;off&#8221;][et_pb_column type=&#8221;4_4&#8243;][et_pb_divider admin_label=&#8221;Divider&#8221; color=&#8221;#ffffff&#8221; show_divider=&#8221;off&#8221; height=&#8221;100&#8243; divider_style=&#8221;groove&#8221; divider_position=&#8221;top&#8221; hide_on_mobile=&#8221;on&#8221; \/][et_pb_text admin_label=&#8221;Text&#8221; background_layout=&#8221;light&#8221; text_orientation=&#8221;left&#8221; use_border_color=&#8221;off&#8221; border_color=&#8221;#ffffff&#8221; border_style=&#8221;solid&#8221; custom_padding=&#8221;|||20px&#8221;]<\/p>\n<h1>KUHARSKI KOTI\u010cEK<\/h1>\n<p>[\/et_pb_text][et_pb_text admin_label=&#8221;Text&#8221; background_layout=&#8221;light&#8221; text_orientation=&#8221;left&#8221; use_border_color=&#8221;off&#8221; border_color=&#8221;#ffffff&#8221; border_style=&#8221;solid&#8221; custom_padding=&#8221;|||50px&#8221;]<\/p>\n<h5><span style=\"color: #3366ff\"><a style=\"color: #3366ff\" href=\"http:\/\/vrteckonjice.splet.arnes.si\/files\/2020\/04\/Peka-doma\u010dega-kruha.pdf\">Peka doma\u010dega kruha<\/a> <\/span><\/h5>\n<h5><span style=\"color: #3366ff\"><a style=\"color: #3366ff\" href=\"http:\/\/vrteckonjice.splet.arnes.si\/files\/2020\/04\/Peka-pi\u0161kotov.pdf\">Peka pi\u0161kotov<\/a> <\/span><\/h5>\n<h5><span style=\"color: #3366ff\"><a style=\"color: #3366ff\" href=\"http:\/\/vrteckonjice.splet.arnes.si\/files\/2020\/04\/Recepti-iz-vrt\u010devske-kuhinje-1.pdf\">Recepti iz vrt\u010devske kuhinje<\/a> <\/span><\/h5>\n<h5><span style=\"color: #3366ff\"><a style=\"color: #3366ff\" href=\"http:\/\/vrteckonjice.splet.arnes.si\/files\/2020\/04\/Sadne-\u017eivalice-in-nabodala.pdf\">Sadne \u017eivalice in nabodala<\/a><\/span><\/h5>\n<p>[\/et_pb_text][et_pb_divider admin_label=&#8221;Divider&#8221; color=&#8221;#ffffff&#8221; show_divider=&#8221;off&#8221; height=&#8221;100&#8243; divider_style=&#8221;groove&#8221; divider_position=&#8221;top&#8221; hide_on_mobile=&#8221;on&#8221; \/][\/et_pb_column][\/et_pb_row][et_pb_row admin_label=&#8221;Row&#8221;][et_pb_column type=&#8221;4_4&#8243;][et_pb_divider admin_label=&#8221;Divider&#8221; color=&#8221;#ffffff&#8221; show_divider=&#8221;off&#8221; height=&#8221;100&#8243; divider_style=&#8221;groove&#8221; divider_position=&#8221;top&#8221; hide_on_mobile=&#8221;on&#8221; \/][\/et_pb_column][\/et_pb_row][\/et_pb_section]<\/p>\n","protected":false},"excerpt":{"rendered":"<p>KUHARSKI KOTI\u010cEK Peka doma\u010dega kruha Peka pi\u0161kotov Recepti iz vrt\u010devske kuhinje Sadne \u017eivalice in nabodala<\/p>\n","protected":false},"author":3129,"featured_media":0,"parent":8787,"menu_order":0,"comment_status":"closed","ping_status":"closed","template":"","meta":{"_et_pb_use_builder":"on","_et_pb_old_content":"","_et_gb_content_width":"","ngg_post_thumbnail":0,"footnotes":""},"class_list":["post-9273","page","type-page","status-publish","hentry"],"_links":{"self":[{"href":"https:\/\/vrtec-konjice.si\/index.php?rest_route=\/wp\/v2\/pages\/9273","targetHints":{"allow":["GET"]}}],"collection":[{"href":"https:\/\/vrtec-konjice.si\/index.php?rest_route=\/wp\/v2\/pages"}],"about":[{"href":"https:\/\/vrtec-konjice.si\/index.php?rest_route=\/wp\/v2\/types\/page"}],"author":[{"embeddable":true,"href":"https:\/\/vrtec-konjice.si\/index.php?rest_route=\/wp\/v2\/users\/3129"}],"replies":[{"embeddable":true,"href":"https:\/\/vrtec-konjice.si\/index.php?rest_route=%2Fwp%2Fv2%2Fcomments&post=9273"}],"version-history":[{"count":5,"href":"https:\/\/vrtec-konjice.si\/index.php?rest_route=\/wp\/v2\/pages\/9273\/revisions"}],"predecessor-version":[{"id":9419,"href":"https:\/\/vrtec-konjice.si\/index.php?rest_route=\/wp\/v2\/pages\/9273\/revisions\/9419"}],"up":[{"embeddable":true,"href":"https:\/\/vrtec-konjice.si\/index.php?rest_route=\/wp\/v2\/pages\/8787"}],"wp:attachment":[{"href":"https:\/\/vrtec-konjice.si\/index.php?rest_route=%2Fwp%2Fv2%2Fmedia&parent=9273"}],"curies":[{"name":"wp","href":"https:\/\/api.w.org\/{rel}","templated":true}]}}