{"id":881,"date":"2016-10-10T18:14:29","date_gmt":"2016-10-10T16:14:29","guid":{"rendered":"http:\/\/vrteckonjice.splet.arnes.si\/?page_id=881"},"modified":"2026-02-09T13:24:27","modified_gmt":"2026-02-09T12:24:27","slug":"splosno-o-vpisu","status":"publish","type":"page","link":"https:\/\/vrtec-konjice.si\/?page_id=881","title":{"rendered":"splo\u0161no o vpisu"},"content":{"rendered":"<p>[et_pb_section fb_built=&#8221;1&#8243; custom_padding_last_edited=&#8221;on|desktop&#8221; admin_label=&#8221;section&#8221; _builder_version=&#8221;4.16&#8243; background_color=&#8221;rgba(255,255,255,0)&#8221; background_image=&#8221;http:\/\/vrteckonjice.splet.arnes.si\/files\/2016\/08\/Blown_dandelions_-_blue_sky_Ugress_p\u00e5_langtur.jpg&#8221; parallax=&#8221;on&#8221; parallax_method=&#8221;off&#8221; custom_padding_tablet=&#8221;50px|0|50px|0&#8243; custom_padding_phone=&#8221;&#8221; transparent_background=&#8221;on&#8221; padding_mobile=&#8221;off&#8221; global_colors_info=&#8221;{}&#8221;][et_pb_row admin_label=&#8221;row&#8221; _builder_version=&#8221;4.16&#8243; background_color=&#8221;rgba(0,0,0,0.23)&#8221; background_size=&#8221;initial&#8221; background_position=&#8221;top_left&#8221; background_repeat=&#8221;repeat&#8221; custom_padding=&#8221;50px|20px|50px|20px&#8221; global_colors_info=&#8221;{}&#8221;][et_pb_column type=&#8221;4_4&#8243; _builder_version=&#8221;4.16&#8243; custom_padding=&#8221;|||&#8221; global_colors_info=&#8221;{}&#8221; custom_padding__hover=&#8221;|||&#8221;][et_pb_text admin_label=&#8221;Text&#8221; _builder_version=&#8221;4.27.4&#8243; background_color=&#8221;rgba(0,0,0,0)&#8221; background_size=&#8221;initial&#8221; background_position=&#8221;top_left&#8221; background_repeat=&#8221;repeat&#8221; background_layout=&#8221;dark&#8221; hover_enabled=&#8221;0&#8243; global_colors_info=&#8221;{}&#8221; sticky_enabled=&#8221;0&#8243;]<\/p>\n<h3 class=\"v1MsoNormal\"><b>SPLO\u0160NO O VPISU<\/b><\/h3>\n<p class=\"v1MsoNormal\">Vpis otrok v vrtec poteka skozi celo \u0161olsko leto. Vpis otrok v vrtec za novo \u0161olsko leto pa se za\u010dne z dnevom odprtih vrat in poteka do 31. marca. Objava javnega vpisa je v sredstvih javnega obve\u0161\u010danja, na spletni strani Vrtca Slovenske Konjice, na oglasnih deskah uprave in vseh enot ter na spletni strani Ob\u010dine Slovenske Konjice.<br \/>Otroke sprejemamo na podlagi Vloge za sprejem otroka v vrtec. Izpolnijo jo star\u0161i oz. zakoniti zastopniki otroka na posebnem obrazcu, ki je na razpolago na upravi vrtca, vsak delovni dan med 7. in 15. uro, in na spletni strani vrtca. Vlogo lahko oddate osebno na upravi vrtca, ali jo po\u0161ljete po po\u0161ti na naslov uprave.<\/p>\n<p class=\"v1MsoNormal\">Javni vpis novincev poteka po postopku, dolo\u010denem v Pravilniku o sprejemu otrok v vrtec, ki je dostopen tudi na spletni strani vrtca. \u010ce se v \u010dasu javnega vpisa novincev za novo \u0161olsko leto v vrtec vpi\u0161e ve\u010d novincev, kot imamo v vrtcu prostih mest, o sprejemu odlo\u010da Komisija za sprejem otrok v vrtec, in sicer na podlagi kriterijev za sprejem otrok v vrtec. V nasprotnem primeru o sprejemu odlo\u010da ravnatelj, oz. od njega poobla\u010dena oseba.<br \/>Dodatne informacije glede vpisnega postopka lahko dobite pri pomo\u010dnici v. d. ravnateljice vrtca, Aleksandri Stra\u0161nik, na telefonski \u0161tevilki 030 313 374 ali po e-po\u0161ti: aleksandra.strasnik@guest.arnes.si.<\/p>\n<h3 class=\"v1MsoNormal\"><b>VPIS MED \u0160OLSKIM LETOM<\/b><\/h3>\n<p class=\"v1MsoNormal\">Vloge za sprejem otroka v vrtec sprejemamo tudi med \u0161olskim letom, vendar je vpis mo\u017een le v tistih enotah in oddelkih vrtca, kjer je razpolo\u017eljivo prosto mesto in ni nobenega \u010dakajo\u010dega iz \u010dakalnega seznama.<\/p>\n<p class=\"v1MsoNormal\">Vrtec star\u0161e pisno obvesti o datumu vklju\u010ditve otroka, o roku za sklenitev pogodbe, o medsebojnih pravicah in obveznostih ter o obvezni predlo\u017eitvi potrdila pediatra o zdravstvenem stanju otrok pred vstopom v vrtec.<\/p>\n<p>[\/et_pb_text][\/et_pb_column][\/et_pb_row][\/et_pb_section]<\/p>\n","protected":false},"excerpt":{"rendered":"<p>SPLO\u0160NO O VPISU Vpis otrok v vrtec poteka skozi celo \u0161olsko leto. Vpis otrok v vrtec za novo \u0161olsko leto pa se za\u010dne z dnevom odprtih vrat in poteka do 31. marca. Objava javnega vpisa je v sredstvih javnega obve\u0161\u010danja, na spletni strani Vrtca Slovenske Konjice, na oglasnih deskah uprave in vseh enot ter na [&hellip;]<\/p>\n","protected":false},"author":3129,"featured_media":0,"parent":879,"menu_order":0,"comment_status":"closed","ping_status":"open","template":"","meta":{"_et_pb_use_builder":"on","_et_pb_old_content":"<div id=\"page\" class=\"container\"><div class=\"container-inner\"><div class=\"main\"><div class=\"main-inner group\"><section class=\"content\"><div class=\"pad group\"><article class=\"group post-1101 page type-page status-publish hentry\"><div class=\"entry themeform\"><p><strong>SPLO\u0160NO O VPISU<\/strong><\/p><p>Vpis otrok v vrtec za novo \u0161olsko leto se za\u010dne z dnevom odprtih vrat in poteka do 31. marca. Objava javnega vpisa je v sredstvih javnega obve\u0161\u010danja, na spletni strani Vrtca Slovenske Konjice, na oglasnih deskah uprave in vseh enot ter na spletni strani Ob\u010dine Slovenske Konjice.<br \/> Otroke sprejemamo na podlagi Vloge za sprejem otroka v vrtec. Izpolnijo jo star\u0161i oz. zakoniti zastopniki otroka na posebnem obrazcu, ki bo na razpolago na upravi vrtca (Slom\u0161kova 1, Slovenske Konjice), vsak delovni dan med 7. in 15. uro, in na spletni strani vrtca. Vlogo lahko oddate osebno na upravi vrtca, ali jo po\u0161ljete po po\u0161ti na naslov Vrtec Slovenske Konjice, Slom\u0161kova 1, Slovenske Konjice, najkasneje do 31. 3. 2016. Vlogo za sprejem boste lahko star\u0161i oddali tudi na dnevu odprtih vrat.<br \/> Javni vpis novincev poteka po postopku, dolo\u010denem v Pravilniku o sprejemu otrok v vrtec (Ur. l. RS, \u0161t. 27\/2012), ki je dostopen tudi na spletni strani vrtca. \u010ce se bo v \u010dasu javnega vpisa novincev za novo \u0161olsko leto v vrtec vpisalo ve\u010d novincev, kot imamo v vrtcu prostih mest, bo o sprejemu odlo\u010da Komisija za sprejem otrok v vrtec, in sicer na podlagi kriterijev za sprejem otrok v vrtec. V nasprotnem primeru o sprejemu odlo\u010da ravnatelj, oz. od njega poobla\u010dena oseba.<br \/> Dodatne informacije glede vpisnega postopka lahko dobite pri svetovalni delavki vrtca, Simoni \u017divec, na telefonski \u0161tevilki 030 313 374 ali po e-po\u0161ti simona.zivec@guest.arnes.si.<\/p><p><strong>VPIS MED \u0160OLSKIM LETOM<\/strong><\/p><p>Vloge za sprejem otroka v vrtec sprejemamo tudi med \u0161olskim letom, vendar je vpis mo\u017een le v tistih enotah in oddelkih vrtca, kjer je razpolo\u017eljivo prosto mesto in ni nobenega \u010dakajo\u010dega iz \u010dakalnega seznama.<\/p><p>Vrtec star\u0161e pisno obvesti o datumu vklju\u010ditve otroka, o roku za sklenitev pogodbe, o medsebojnih pravicah in obveznostih, o obvezni predlo\u017eitvi potrdila pediatra o zdravstvenem stanju otrok pred vstopom v vrtec.<\/p><div class=\"clear\">\u00a0<\/div><\/div><\/article><\/div><\/section><div class=\"sidebar s1\">\u00a0<\/div><\/div><\/div><\/div><\/div>","_et_gb_content_width":"","ngg_post_thumbnail":0,"footnotes":""},"class_list":["post-881","page","type-page","status-publish","hentry"],"_links":{"self":[{"href":"https:\/\/vrtec-konjice.si\/index.php?rest_route=\/wp\/v2\/pages\/881","targetHints":{"allow":["GET"]}}],"collection":[{"href":"https:\/\/vrtec-konjice.si\/index.php?rest_route=\/wp\/v2\/pages"}],"about":[{"href":"https:\/\/vrtec-konjice.si\/index.php?rest_route=\/wp\/v2\/types\/page"}],"author":[{"embeddable":true,"href":"https:\/\/vrtec-konjice.si\/index.php?rest_route=\/wp\/v2\/users\/3129"}],"replies":[{"embeddable":true,"href":"https:\/\/vrtec-konjice.si\/index.php?rest_route=%2Fwp%2Fv2%2Fcomments&post=881"}],"version-history":[{"count":14,"href":"https:\/\/vrtec-konjice.si\/index.php?rest_route=\/wp\/v2\/pages\/881\/revisions"}],"predecessor-version":[{"id":12051,"href":"https:\/\/vrtec-konjice.si\/index.php?rest_route=\/wp\/v2\/pages\/881\/revisions\/12051"}],"up":[{"embeddable":true,"href":"https:\/\/vrtec-konjice.si\/index.php?rest_route=\/wp\/v2\/pages\/879"}],"wp:attachment":[{"href":"https:\/\/vrtec-konjice.si\/index.php?rest_route=%2Fwp%2Fv2%2Fmedia&parent=881"}],"curies":[{"name":"wp","href":"https:\/\/api.w.org\/{rel}","templated":true}]}}