{"id":8709,"date":"2020-04-07T10:53:28","date_gmt":"2020-04-07T09:53:28","guid":{"rendered":"http:\/\/vrteckonjice.splet.arnes.si\/?page_id=8709"},"modified":"2020-04-24T12:29:23","modified_gmt":"2020-04-24T11:29:23","slug":"gibajmo-in-migajmo","status":"publish","type":"page","link":"https:\/\/vrtec-konjice.si\/?page_id=8709","title":{"rendered":"GIBAJMO IN MIGAJMO"},"content":{"rendered":"<p>[et_pb_section bb_built=&#8221;1&#8243; admin_label=&#8221;section&#8221; parallax=&#8221;on&#8221; parallax_method=&#8221;off&#8221; transparent_background=&#8221;off&#8221; allow_player_pause=&#8221;off&#8221; inner_shadow=&#8221;off&#8221; make_fullwidth=&#8221;off&#8221; use_custom_width=&#8221;off&#8221; width_unit=&#8221;on&#8221; make_equal=&#8221;off&#8221; use_custom_gutter=&#8221;off&#8221; background_image=&#8221;http:\/\/vrteckonjice.splet.arnes.si\/files\/2020\/04\/DSC_0151.jpeg&#8221;][et_pb_row admin_label=&#8221;Row&#8221;][et_pb_column type=&#8221;4_4&#8243;][et_pb_divider admin_label=&#8221;Divider&#8221; height=&#8221;150&#8243; color=&#8221;#ffffff&#8221; show_divider=&#8221;off&#8221; divider_style=&#8221;groove&#8221; divider_position=&#8221;top&#8221; hide_on_mobile=&#8221;on&#8221; \/][\/et_pb_column][\/et_pb_row][et_pb_row admin_label=&#8221;row&#8221; parallax=&#8221;on&#8221; parallax_method=&#8221;off&#8221; make_fullwidth=&#8221;off&#8221; use_custom_width=&#8221;off&#8221; width_unit=&#8221;on&#8221; use_custom_gutter=&#8221;off&#8221; background_color=&#8221;rgba(255,255,255,0.88)&#8221; allow_player_pause=&#8221;off&#8221; make_equal=&#8221;off&#8221; parallax_1=&#8221;off&#8221; parallax_method_1=&#8221;off&#8221;][et_pb_column type=&#8221;4_4&#8243;][et_pb_divider admin_label=&#8221;Divider&#8221; color=&#8221;#ffffff&#8221; show_divider=&#8221;off&#8221; height=&#8221;50&#8243; divider_style=&#8221;groove&#8221; divider_position=&#8221;top&#8221; hide_on_mobile=&#8221;on&#8221; \/][et_pb_text admin_label=&#8221;Text&#8221; background_layout=&#8221;light&#8221; text_orientation=&#8221;left&#8221; use_border_color=&#8221;off&#8221; border_color=&#8221;#ffffff&#8221; border_style=&#8221;solid&#8221; custom_padding=&#8221;|||20px&#8221;]<\/p>\n<h1>GIBAJMO IN MIGAJMO<\/h1>\n<ul>\n<li>\n<h5><span style=\"color: #3366ff\"><a style=\"color: #3366ff\" href=\"http:\/\/vrteckonjice.splet.arnes.si\/files\/2020\/04\/\u0160portna-abeceda.pdf\">\u0160portna abeceda<\/a><\/span><\/h5>\n<\/li>\n<li>\n<h5><span style=\"color: #3366ff\"><a style=\"color: #3366ff\" href=\"http:\/\/vrteckonjice.splet.arnes.si\/files\/2020\/04\/Gozdne-dogodiv\u0161\u010dine-tudi-doma-1.pdf\">Gozdne dogodiv\u0161\u010dine tudi doma<\/a><\/span><\/h5>\n<\/li>\n<li>\n<h5><span style=\"color: #3366ff\"><a style=\"color: #3366ff\" href=\"http:\/\/vrteckonjice.splet.arnes.si\/files\/2020\/04\/Skok-po-stopinjah-dinozavrov.pdf\">Skok po stopinjah dinozavrov<\/a><\/span><\/h5>\n<\/li>\n<li>\n<h5><span style=\"color: #3366ff\"><a style=\"color: #3366ff\" href=\"http:\/\/vrteckonjice.splet.arnes.si\/files\/2020\/04\/Otro\u0161ke-gibalne-igre.pdf\">Otro\u0161ke gibalne igre<\/a><\/span><\/h5>\n<\/li>\n<li>\n<h5><span style=\"color: #3366ff\"><a style=\"color: #3366ff\" href=\"http:\/\/vrteckonjice.splet.arnes.si\/files\/2020\/04\/Igra-koordinacije.pdf\">Igra koordinacije<\/a><\/span><\/h5>\n<\/li>\n<\/ul>\n<p>[\/et_pb_text][et_pb_divider admin_label=&#8221;Divider&#8221; color=&#8221;#ffffff&#8221; show_divider=&#8221;off&#8221; height=&#8221;50&#8243; divider_style=&#8221;groove&#8221; divider_position=&#8221;top&#8221; hide_on_mobile=&#8221;on&#8221; \/][\/et_pb_column][\/et_pb_row][et_pb_row admin_label=&#8221;Row&#8221;][et_pb_column type=&#8221;4_4&#8243;][et_pb_divider admin_label=&#8221;Divider&#8221; height=&#8221;150&#8243; color=&#8221;#ffffff&#8221; show_divider=&#8221;off&#8221; divider_style=&#8221;groove&#8221; divider_position=&#8221;top&#8221; hide_on_mobile=&#8221;on&#8221; \/][\/et_pb_column][\/et_pb_row][\/et_pb_section]<\/p>\n","protected":false},"excerpt":{"rendered":"<p>GIBAJMO IN MIGAJMO \u0160portna abeceda Gozdne dogodiv\u0161\u010dine tudi doma Skok po stopinjah dinozavrov Otro\u0161ke gibalne igre Igra koordinacije<\/p>\n","protected":false},"author":3129,"featured_media":0,"parent":8787,"menu_order":0,"comment_status":"closed","ping_status":"closed","template":"","meta":{"_et_pb_use_builder":"on","_et_pb_old_content":"","_et_gb_content_width":"","ngg_post_thumbnail":0,"footnotes":""},"class_list":["post-8709","page","type-page","status-publish","hentry"],"_links":{"self":[{"href":"https:\/\/vrtec-konjice.si\/index.php?rest_route=\/wp\/v2\/pages\/8709","targetHints":{"allow":["GET"]}}],"collection":[{"href":"https:\/\/vrtec-konjice.si\/index.php?rest_route=\/wp\/v2\/pages"}],"about":[{"href":"https:\/\/vrtec-konjice.si\/index.php?rest_route=\/wp\/v2\/types\/page"}],"author":[{"embeddable":true,"href":"https:\/\/vrtec-konjice.si\/index.php?rest_route=\/wp\/v2\/users\/3129"}],"replies":[{"embeddable":true,"href":"https:\/\/vrtec-konjice.si\/index.php?rest_route=%2Fwp%2Fv2%2Fcomments&post=8709"}],"version-history":[{"count":37,"href":"https:\/\/vrtec-konjice.si\/index.php?rest_route=\/wp\/v2\/pages\/8709\/revisions"}],"predecessor-version":[{"id":9411,"href":"https:\/\/vrtec-konjice.si\/index.php?rest_route=\/wp\/v2\/pages\/8709\/revisions\/9411"}],"up":[{"embeddable":true,"href":"https:\/\/vrtec-konjice.si\/index.php?rest_route=\/wp\/v2\/pages\/8787"}],"wp:attachment":[{"href":"https:\/\/vrtec-konjice.si\/index.php?rest_route=%2Fwp%2Fv2%2Fmedia&parent=8709"}],"curies":[{"name":"wp","href":"https:\/\/api.w.org\/{rel}","templated":true}]}}