{"id":2323,"date":"2017-02-28T14:04:11","date_gmt":"2017-02-28T12:04:11","guid":{"rendered":"http:\/\/vrteckonjice.splet.arnes.si\/?page_id=2323"},"modified":"2025-09-02T22:02:07","modified_gmt":"2025-09-02T20:02:07","slug":"zmanjsano-placilo-vrtca","status":"publish","type":"page","link":"https:\/\/vrtec-konjice.si\/?page_id=2323","title":{"rendered":"4.1 Zmanj\u0161ano pla\u010dilo vrtca"},"content":{"rendered":"<p>[et_pb_section fb_built=&#8221;1&#8243; admin_label=&#8221;section&#8221; _builder_version=&#8221;4.23.4&#8243; background_image=&#8221;https:\/\/vrtec-konjice.si\/files\/2022\/03\/o-DANDELION-facebookN-1920&#215;960-1.jpg&#8221; parallax=&#8221;on&#8221; global_colors_info=&#8221;{}&#8221;][et_pb_row admin_label=&#8221;row&#8221; _builder_version=&#8221;4.23.4&#8243; background_color=&#8221;rgba(229,229,229,0.95)&#8221; background_size=&#8221;initial&#8221; background_position=&#8221;top_left&#8221; background_repeat=&#8221;repeat&#8221; custom_padding=&#8221;|10px||10px|false|false&#8221; global_colors_info=&#8221;{}&#8221;][et_pb_column type=&#8221;4_4&#8243; _builder_version=&#8221;4.16&#8243; custom_padding=&#8221;|||&#8221; global_colors_info=&#8221;{}&#8221; custom_padding__hover=&#8221;|||&#8221;][et_pb_toggle open=&#8221;on&#8221; admin_label=&#8221;Toggle&#8221; _builder_version=&#8221;4.16&#8243; background_size=&#8221;initial&#8221; background_position=&#8221;top_left&#8221; background_repeat=&#8221;repeat&#8221; use_border_color=&#8221;off&#8221; border_color=&#8221;#ffffff&#8221; border_style=&#8221;solid&#8221; global_colors_info=&#8221;{}&#8221;]<a href=\"http:\/\/vrteckonjice.splet.arnes.si\/files\/2017\/02\/rx.png\"><img loading=\"lazy\" decoding=\"async\" class=\"aligncenter wp-image-7391 size-full\" src=\"http:\/\/vrteckonjice.splet.arnes.si\/files\/2017\/02\/rx.png\" alt=\"\" width=\"736\" height=\"708\" srcset=\"https:\/\/vrtec-konjice.si\/files\/2017\/02\/rx.png 736w, https:\/\/vrtec-konjice.si\/files\/2017\/02\/rx-300x289.png 300w\" sizes=\"(max-width: 736px) 100vw, 736px\" \/><\/a><br \/>\n[\/et_pb_toggle][et_pb_text _builder_version=&#8221;4.27.4&#8243; _module_preset=&#8221;default&#8221; hover_enabled=&#8221;0&#8243; global_colors_info=&#8221;{}&#8221; sticky_enabled=&#8221;0&#8243;]<\/p>\n<p>VRTEC SLOVENSKE KONJICE<\/p>\n<p>Usnjarska cesta 12<\/p>\n<p>3210 SLOVENSKE KONJICE<\/p>\n<p>&nbsp;<\/p>\n<p class=\"v1MsoNormal\"><b>ZA\u010cASNA ODSOTNOST OTROKA IZ VRTCA ZARADI BOLEZNI<\/b><\/p>\n<p class=\"v1MsoNormal\">V primeru za\u010dasne odsotnosti otroka v vrtcu zaradi bolezni, ko star\u0161i predhodno najavijo otrokovo odsotnost se mese\u010dno pla\u010dilo zmanj\u0161a:<\/p>\n<p class=\"v1MsoNormal\">\u2013 \u010de je otrok odsoten do 10 delovnih dni, se od pla\u010dila od\u0161teje sorazmerni del vrednosti prehrane (glede na vrednost za posamezni pla\u010dilni razred),<\/p>\n<p class=\"v1MsoNormal\">\u2013 \u010de je otrok neprekinjeno&nbsp; odsoten od 11 do 20 delovnih dni, se od pla\u010dila od\u0161teje sorazmerni del vrednosti prehrane (glede na vrednost za posamezni pla\u010dilni razred). Za dneve, ko je otrok odsoten, se star\u0161u pri pla\u010dilu prispevka star\u0161a k ceni programa prizna 20 % odbitka z dokazilom odsotnosti zaradi bolezni&nbsp; (zdravni\u0161ko potrdilo pediatra, bolni\u0161ki list za nego otroka, ambulantni karton, odpustno pismo, kopija iz zdravstvene kartoteke),<\/p>\n<p class=\"v1MsoNormal\">\u2013 \u010de je otrok neprekinjeno odsoten 21 do 42 delovnih dni se od pla\u010dila od\u0161teje sorazmerni del vrednosti prehrane (glede na vrednost za posamezni pla\u010dilni razred). Za dneve, ko je otrok odsoten, se star\u0161u pri pla\u010dilu prispevka star\u0161a k ceni programa prizna 50% odbitka z dokazilom odsotnosti zaradi bolezni (zdravni\u0161ko potrdilo pediatra, bolni\u0161ki list za nego otroka, ambulantni karton, odpustno pismo, kopija iz zdravstvene kartoteke),<\/p>\n<p class=\"v1MsoNormal\">\u2013 \u010de je otrok neprekinjeno odsoten 43 delovnih dni ali ve\u010d dni, so star\u0161i za dni odsotnosti v celoti opro\u0161\u010deni prispevka star\u0161ev, z dokazilom odsotnosti zaradi bolezni (zdravni\u0161ko potrdilo pediatra).<\/p>\n<p><strong>Zdravni\u0161ko spri\u010devalo<\/strong> je potrebno dostaviti v ra\u010dunovodstvo do <strong>zadnjega v<\/strong><b> <\/b><strong>mesecu<\/strong><strong>,<\/strong> sicer se zdravni\u0161ko spri\u010devalo upo\u0161teva pri naslednjem obra\u010dunu.<\/p>\n<p><strong>Ta dolo\u010dila veljajo za otroke, ki imajo stalno bivali\u0161\u010de v ob\u010dini Slovenske Konjice.<\/strong><b><\/b><\/p>\n<p class=\"v1MsoNormal\"><b>REZERVACIJA MED POLETJEM<\/b><\/p>\n<p class=\"v1MsoNormal\">Star\u0161i otrok, za katere je Ob\u010dina Slovenske Konjice po veljavnih predpisih dol\u017ena kriti del cene programa pred\u0161olske vzgoje v vrtcu, lahko star\u0161i otrok uveljavijo rezervacijo zaradi&nbsp; odsotnosti otroka enkrat letno v \u010dasu poletnih po\u010ditnic, od <a name=\"v1_Hlk162515088\"><\/a>1. junija do 31.<i> <\/i>avgusta teko\u010dega leta, v vi\u0161ini 50 % zneska njihovega pla\u010dilnega razreda. Star\u0161i, katerih otroci obiskujejo vrtec zadnje leto pred vstopom v \u0161olo, so opro\u0161\u010deni pla\u010dila rezervacije v celoti. Rezervacijo lahko star\u0161i uveljavljajo enkrat za neprekinjeno odsotnost otroka najmanj en mesec (30 koledarskih dni) do najve\u010d dva meseca (62 koledarskih dni). Star\u0161i so dol\u017eni neprekinjeno odsotnost otroka ve\u010d kot en mesec, vrtcu pisno napovedati najpozneje en teden pred prvim dnem odsotnosti otroka iz vrtca oziroma skladno z rokom, ki ga dolo\u010di vrtec.<\/p>\n<p class=\"v1MsoNormal\">Star\u0161i otrok iz drugih ob\u010din lahko uveljavijo rezervacijo, \u010de ob\u010dina, ki je po predpisih dol\u017ena kriti razliko do cene programa, pisno sogla\u0161a, da bo pokrila razliko med pla\u010dilom rezervacije in ceno programa.<\/p>\n<p>[\/et_pb_text][\/et_pb_column][\/et_pb_row][\/et_pb_section]<\/p>\n","protected":false},"excerpt":{"rendered":"<p>VRTEC SLOVENSKE KONJICE Usnjarska cesta 12 3210 SLOVENSKE KONJICE &nbsp; ZA\u010cASNA ODSOTNOST OTROKA IZ VRTCA ZARADI BOLEZNI V primeru za\u010dasne odsotnosti otroka v vrtcu zaradi bolezni, ko star\u0161i predhodno najavijo otrokovo odsotnost se mese\u010dno pla\u010dilo zmanj\u0161a: \u2013 \u010de je otrok odsoten do 10 delovnih dni, se od pla\u010dila od\u0161teje sorazmerni del vrednosti prehrane (glede na [&hellip;]<\/p>\n","protected":false},"author":3129,"featured_media":0,"parent":949,"menu_order":0,"comment_status":"closed","ping_status":"open","template":"","meta":{"_et_pb_use_builder":"on","_et_pb_old_content":"","_et_gb_content_width":"","ngg_post_thumbnail":0,"footnotes":""},"class_list":["post-2323","page","type-page","status-publish","hentry"],"_links":{"self":[{"href":"https:\/\/vrtec-konjice.si\/index.php?rest_route=\/wp\/v2\/pages\/2323","targetHints":{"allow":["GET"]}}],"collection":[{"href":"https:\/\/vrtec-konjice.si\/index.php?rest_route=\/wp\/v2\/pages"}],"about":[{"href":"https:\/\/vrtec-konjice.si\/index.php?rest_route=\/wp\/v2\/types\/page"}],"author":[{"embeddable":true,"href":"https:\/\/vrtec-konjice.si\/index.php?rest_route=\/wp\/v2\/users\/3129"}],"replies":[{"embeddable":true,"href":"https:\/\/vrtec-konjice.si\/index.php?rest_route=%2Fwp%2Fv2%2Fcomments&post=2323"}],"version-history":[{"count":12,"href":"https:\/\/vrtec-konjice.si\/index.php?rest_route=\/wp\/v2\/pages\/2323\/revisions"}],"predecessor-version":[{"id":11852,"href":"https:\/\/vrtec-konjice.si\/index.php?rest_route=\/wp\/v2\/pages\/2323\/revisions\/11852"}],"up":[{"embeddable":true,"href":"https:\/\/vrtec-konjice.si\/index.php?rest_route=\/wp\/v2\/pages\/949"}],"wp:attachment":[{"href":"https:\/\/vrtec-konjice.si\/index.php?rest_route=%2Fwp%2Fv2%2Fmedia&parent=2323"}],"curies":[{"name":"wp","href":"https:\/\/api.w.org\/{rel}","templated":true}]}}